{"id":7100,"date":"2023-11-01T11:22:35","date_gmt":"2023-11-01T14:22:35","guid":{"rendered":"https:\/\/biomedicos.edrweb.com.ar\/patentes\/"},"modified":"2023-11-13T15:03:41","modified_gmt":"2023-11-13T18:03:41","slug":"patents","status":"publish","type":"page","link":"https:\/\/biomedicos.fi.mdp.edu.ar\/en\/patents\/","title":{"rendered":"Patents"},"content":{"rendered":"<div class=\"wpb-content-wrapper\"><p>[vc_row wrap_container=&#8221;yes&#8221; section_skin=&#8221;parallax&#8221; remove_margin_top=&#8221;yes&#8221; remove_margin_bottom=&#8221;yes&#8221; remove_padding_bottom=&#8221;yes&#8221; remove_border=&#8221;yes&#8221; el_class=&#8221;sec-res&#8221; conditional_render=&#8221;%5B%7B%22value_role%22%3A%22administrator%22%7D%5D&#8221;][vc_column conditional_render=&#8221;%5B%7B%22value_role%22%3A%22administrator%22%7D%5D&#8221;][vc_custom_heading text=&#8221;Patent: \u201cNon-toxic biodegradable polyurethanes with hydrophilicity\/hydrophobicity adjustment.\u201d&#8221; font_container=&#8221;tag:h3|text_align:left&#8221; use_theme_fonts=&#8221;yes&#8221; font_weight=&#8221;500&#8243; skin=&#8221;secondary&#8221;][vc_custom_heading text=&#8221;Inventors: \u00c1ngel A. Marcos-Fern\u00e1ndez, Julio San Rom\u00e1n, Gustavo A. Abraham. Applicant: Higher Council for Scientific Research, Madrid, Spain, through the Technology Transfer Office (OTT CSIC).&#8221; font_container=&#8221;tag:p|text_align:left&#8221; use_theme_fonts=&#8221;yes&#8221; font_weight=&#8221;600&#8243; skin=&#8221;secondary&#8221; css=&#8221;.vc_custom_1699897941864{border-left-width: 2px !important;padding-left: 15px !important;border-left-color: #203e75 !important;border-left-style: solid !important;}&#8221;][vc_column_text css=&#8221;.vc_custom_1699897960191{padding-bottom: 20px !important;}&#8221;]<\/p>\n<p id=\"tw-target-text\" class=\"tw-data-text tw-text-large tw-ta\" dir=\"ltr\" data-placeholder=\"Traducci\u00f3n\" data-ved=\"2ahUKEwiIhfaSxcGCAxWHs5UCHYToDckQ3ewLegQIBRAQ\"><span class=\"Y2IQFc\" lang=\"en\">Title issued by the Spanish Patent and Trademark Office. Application No.: P200401171, Publication No.: ES2243142, December 19, 2006, expired in May 2010. International Application Publication Number: WO\/2005\/111110 (expired). International Application No.: PCT\/ES2005\/070063 Non-toxic biodegradable polyurethanes which are intended for the controlled release of pharmaceuticals and for tissue engineering.<\/span><\/p>\n<p>[\/vc_column_text][vc_custom_heading text=&#8221;Patent: \u201cMultilayer Textile with the Capacity to Encapsulate a Natural Repellent Agent and Release It in a Controlled Form.\u201d&#8221; font_container=&#8221;tag:h3|text_align:left&#8221; use_theme_fonts=&#8221;yes&#8221; font_weight=&#8221;500&#8243; skin=&#8221;secondary&#8221;][vc_custom_heading text=&#8221;Requested by: National University of Mar del Plata \u2013 National Institute of Industrial Technology (INTI) \u2013 CONICET.&#8221; font_container=&#8221;tag:p|text_align:left&#8221; use_theme_fonts=&#8221;yes&#8221; font_weight=&#8221;600&#8243; skin=&#8221;secondary&#8221; css=&#8221;.vc_custom_1699898319120{border-left-width: 2px !important;padding-left: 15px !important;border-left-color: #203e75 !important;border-left-style: solid !important;}&#8221;][vc_column_text css=&#8221;.vc_custom_1699898335199{padding-bottom: 20px !important;}&#8221;]<\/p>\n<p id=\"tw-target-text\" class=\"tw-data-text tw-text-large tw-ta\" dir=\"ltr\" data-placeholder=\"Traducci\u00f3n\" data-ved=\"2ahUKEwiIhfaSxcGCAxWHs5UCHYToDckQ3ewLegQIBRAQ\"><span class=\"Y2IQFc\" lang=\"en\">Inventors: Gustavo A. Abraham (INTEMA CONICET), Fabi\u00e1n Buffa (INTEMA CONICET), Vanesa Mu\u00f1oz (INTEMA CONICET), Juan Arata (INTI), Germ\u00e1n Escobar (INTI), Laura Hermida (INTI), Mar\u00eda M. Mir\u00f3 Specos (INTI ) Fabricio Molinari (INTI), Daiana Y. Topollan (INTI), Valeria Zannoni (INTI). INPI Application No. 20160102646, 8-31-2016.<\/span><\/p>\n<p>[\/vc_column_text][vc_custom_heading text=&#8221;Patent: \u201cMethod for immobilizing probiotic lactic bacteria on textile substrate and product obtained.\u201d &#8221; font_container=&#8221;tag:h3|text_align:left&#8221; use_theme_fonts=&#8221;yes&#8221; font_weight=&#8221;500&#8243; skin=&#8221;secondary&#8221;][vc_custom_heading text=&#8221;Presented at INPI, December 27, 2018, No. 20180103893.&#8221; font_container=&#8221;tag:p|text_align:left&#8221; use_theme_fonts=&#8221;yes&#8221; font_weight=&#8221;600&#8243; skin=&#8221;secondary&#8221; css=&#8221;.vc_custom_1699898392087{border-left-width: 2px !important;padding-left: 15px !important;border-left-color: #203e75 !important;border-left-style: solid !important;}&#8221;][vc_column_text css=&#8221;.vc_custom_1699898412495{padding-bottom: 20px !important;}&#8221;]<\/p>\n<p id=\"tw-target-text\" class=\"tw-data-text tw-text-large tw-ta\" dir=\"ltr\" data-placeholder=\"Traducci\u00f3n\" data-ved=\"2ahUKEwiIhfaSxcGCAxWHs5UCHYToDckQ3ewLegQIBRAQ\"><span class=\"Y2IQFc\" lang=\"en\">CERELA (CONICET) \u2013 National University of Mar del Plata. Inventors: Priscilla Romina De Gregorio (CERELA), Jessica Alejandra Silva (CERELA), Guadalupe Rivero (INTEMA), Gustavo A. Abraham (INTEMA), Mar\u00eda Elena F\u00e1tima Nader-Mac\u00edas (CERELA). <\/span><\/p>\n<p>[\/vc_column_text][\/vc_column][\/vc_row]<\/p>\n<\/div>","protected":false},"excerpt":{"rendered":"<p>[vc_row wrap_container=&#8221;yes&#8221; section_skin=&#8221;parallax&#8221; remove_margin_top=&#8221;yes&#8221; remove_margin_bottom=&#8221;yes&#8221; remove_padding_bottom=&#8221;yes&#8221; remove_border=&#8221;yes&#8221; el_class=&#8221;sec-res&#8221; conditional_render=&#8221;%5B%7B%22value_role%22%3A%22administrator%22%7D%5D&#8221;][vc_column conditional_render=&#8221;%5B%7B%22value_role%22%3A%22administrator%22%7D%5D&#8221;][vc_custom_heading text=&#8221;Patent: \u201cNon-toxic biodegradable polyurethanes with hydrophilicity\/hydrophobicity adjustment.\u201d&#8221; font_container=&#8221;tag:h3|text_align:left&#8221; use_theme_fonts=&#8221;yes&#8221; font_weight=&#8221;500&#8243; skin=&#8221;secondary&#8221;][vc_custom_heading text=&#8221;Inventors: \u00c1ngel A. Marcos-Fern\u00e1ndez, Julio San Rom\u00e1n, Gustavo A. Abraham. Applicant: Higher Council for Scientific Research, Madrid, Spain, through the Technology Transfer Office (OTT CSIC).&#8221; font_container=&#8221;tag:p|text_align:left&#8221; use_theme_fonts=&#8221;yes&#8221; font_weight=&#8221;600&#8243; skin=&#8221;secondary&#8221; css=&#8221;.vc_custom_1699897941864{border-left-width: 2px !important;padding-left: 15px !important;border-left-color: [&hellip;]<\/p>\n","protected":false},"author":1,"featured_media":0,"parent":0,"menu_order":0,"comment_status":"closed","ping_status":"closed","template":"","meta":{"footnotes":""},"class_list":["post-7100","page","type-page","status-publish","hentry"],"_links":{"self":[{"href":"https:\/\/biomedicos.fi.mdp.edu.ar\/en\/wp-json\/wp\/v2\/pages\/7100","targetHints":{"allow":["GET"]}}],"collection":[{"href":"https:\/\/biomedicos.fi.mdp.edu.ar\/en\/wp-json\/wp\/v2\/pages"}],"about":[{"href":"https:\/\/biomedicos.fi.mdp.edu.ar\/en\/wp-json\/wp\/v2\/types\/page"}],"author":[{"embeddable":true,"href":"https:\/\/biomedicos.fi.mdp.edu.ar\/en\/wp-json\/wp\/v2\/users\/1"}],"replies":[{"embeddable":true,"href":"https:\/\/biomedicos.fi.mdp.edu.ar\/en\/wp-json\/wp\/v2\/comments?post=7100"}],"version-history":[{"count":0,"href":"https:\/\/biomedicos.fi.mdp.edu.ar\/en\/wp-json\/wp\/v2\/pages\/7100\/revisions"}],"wp:attachment":[{"href":"https:\/\/biomedicos.fi.mdp.edu.ar\/en\/wp-json\/wp\/v2\/media?parent=7100"}],"curies":[{"name":"wp","href":"https:\/\/api.w.org\/{rel}","templated":true}]}}