{"id":7091,"date":"2023-11-01T10:43:00","date_gmt":"2023-11-01T13:43:00","guid":{"rendered":"https:\/\/biomedicos.edrweb.com.ar\/servicios-realizados\/"},"modified":"2025-09-30T16:09:55","modified_gmt":"2025-09-30T19:09:55","slug":"finished-services","status":"publish","type":"page","link":"https:\/\/biomedicos.fi.mdp.edu.ar\/en\/finished-services\/","title":{"rendered":"Finished services"},"content":{"rendered":"<div class=\"wpb-content-wrapper\"><p>[vc_row wrap_container=&#8221;yes&#8221; conditional_render=&#8221;%5B%7B%22value_role%22%3A%22administrator%22%7D%5D&#8221; el_class=&#8221;sec-res&#8221;][vc_column width=&#8221;2\/3&#8243; offset=&#8221;vc_col-xs-10&#8243; conditional_render=&#8221;%5B%7B%22value_role%22%3A%22administrator%22%7D%5D&#8221;]<div class=\"porto-sicon-box  wpb_custom_1efe903570d178ff0a9b7bfa5febd3a4 style_1 left-icon\"><div class=\"porto-sicon-left\"><div class=\"porto-just-icon-wrapper porto-icon none\" data-appear-animation=\"fadeInLeft\" style=\"color:#203e75;font-size:24px;\"><i class=\"fas fa-angle-right\"><\/i><\/div><\/div><div class=\"porto-sicon-body\"><div class=\"porto-sicon-description\" style=\"\"><strong>Agropharma Salud Animal S.A., Buenos Aires.<\/strong> <strong>Technical Assistance and Counseling. <\/strong>Electrospraying of polymer-based formulations,\u00a0 2024.<\/div> <!-- description --><\/div><\/div><!-- porto-sicon-box --><div class=\"porto-sicon-box  wpb_custom_1efe903570d178ff0a9b7bfa5febd3a4 style_1 left-icon\"><div class=\"porto-sicon-left\"><div class=\"porto-just-icon-wrapper porto-icon none\" data-appear-animation=\"fadeInLeft\" style=\"color:#203e75;font-size:24px;\"><i class=\"fas fa-angle-right\"><\/i><\/div><\/div><div class=\"porto-sicon-body\"><div class=\"porto-sicon-description\" style=\"\"><strong>Laboratorio Soubeiran Chobet.\u00a0Technical Assistance and Counseling.<\/strong><br \/>\nEvaluation of catheter and mamary prosthesis surfaces after Platsul-A application, 2022.<\/div> <!-- description --><\/div><\/div><!-- porto-sicon-box --><div class=\"porto-sicon-box  wpb_custom_1efe903570d178ff0a9b7bfa5febd3a4 style_1 left-icon\"><div class=\"porto-sicon-left\"><div class=\"porto-just-icon-wrapper porto-icon none\" data-appear-animation=\"fadeInLeft\" style=\"color:#203e75;font-size:24px;\"><i class=\"fas fa-angle-right\"><\/i><\/div><\/div><div class=\"porto-sicon-body\"><div class=\"porto-sicon-description\" style=\"\"><strong>PROMEDON Argentina. Technical Assistance and Counseling.<\/strong><br \/>\nAnalysis, characterization and counseling of superabsorbent polymers, hydrogels, and other biomedical polymers, 2017 \u2013 2021.<\/div> <!-- description --><\/div><\/div><!-- porto-sicon-box --><div class=\"porto-sicon-box  wpb_custom_1efe903570d178ff0a9b7bfa5febd3a4 style_1 left-icon\"><div class=\"porto-sicon-left\"><div class=\"porto-just-icon-wrapper porto-icon none\" data-appear-animation=\"fadeInLeft\" style=\"color:#203e75;font-size:24px;\"><i class=\"fas fa-angle-right\"><\/i><\/div><\/div><div class=\"porto-sicon-body\"><div class=\"porto-sicon-description\" style=\"\"><strong>Y-TEC. YPF Tecnolog\u00eda. Technical Assistance and Counseling.<\/strong><br \/>\nElectrospinning of polymeric systems for the development of electrospun meshes applied in gas separation processes. Innovation Space INTEMA\/Y-TEC, 2016 \u2013 2018.<\/div> <!-- description --><\/div><\/div><!-- porto-sicon-box --><div class=\"porto-sicon-box  wpb_custom_1efe903570d178ff0a9b7bfa5febd3a4 style_1 left-icon\"><div class=\"porto-sicon-left\"><div class=\"porto-just-icon-wrapper porto-icon none\" data-appear-animation=\"fadeInLeft\" style=\"color:#203e75;font-size:24px;\"><i class=\"fas fa-angle-right\"><\/i><\/div><\/div><div class=\"porto-sicon-body\"><div class=\"porto-sicon-description\" style=\"\"><strong>PIXIS S.A. Technical Assistance and Counseling.<\/strong><br \/>\nProject \u201cDevelopment of injectable self-curing biomedical polymers for nucleus pulposus replacement\u201d, 2007 \u2013 2008.<\/div> <!-- description --><\/div><\/div><!-- porto-sicon-box --><div class=\"porto-sicon-box  wpb_custom_1efe903570d178ff0a9b7bfa5febd3a4 style_1 left-icon\"><div class=\"porto-sicon-left\"><div class=\"porto-just-icon-wrapper porto-icon none\" data-appear-animation=\"fadeInLeft\" style=\"color:#203e75;font-size:24px;\"><i class=\"fas fa-angle-right\"><\/i><\/div><\/div><div class=\"porto-sicon-body\"><div class=\"porto-sicon-description\" style=\"\"><strong>PIXIS S.A. Technical Assistance and Counseling.<\/strong><br \/>\nFeasibility studies of \u201cDevelopment of polymeric systems applied for nucleus pulposus replacement of the intervertebral disc. Polymeric Systems for kyphoplasty\u201d, 2006 \u2013 2007.<\/div> <!-- description --><\/div><\/div><!-- porto-sicon-box --><div class=\"porto-sicon-box  wpb_custom_1efe903570d178ff0a9b7bfa5febd3a4 style_1 left-icon\"><div class=\"porto-sicon-left\"><div class=\"porto-just-icon-wrapper porto-icon none\" data-appear-animation=\"fadeInLeft\" style=\"color:#203e75;font-size:24px;\"><i class=\"fas fa-angle-right\"><\/i><\/div><\/div><div class=\"porto-sicon-body\"><div class=\"porto-sicon-description\" style=\"\"><strong>Project \u201cSurgical cements modified with bioactive ceramic fillers\u201d Materials Nacional Program.<\/strong><br \/>\nProject developed with four private companies and gubernamental funds, 1994.<\/div> <!-- description --><\/div><\/div><!-- porto-sicon-box --><div class=\"porto-sicon-box  wpb_custom_1efe903570d178ff0a9b7bfa5febd3a4 style_1 left-icon\"><div class=\"porto-sicon-left\"><div class=\"porto-just-icon-wrapper porto-icon none\" data-appear-animation=\"fadeInLeft\" style=\"color:#203e75;font-size:24px;\"><i class=\"fas fa-angle-right\"><\/i><\/div><\/div><div class=\"porto-sicon-body\"><div class=\"porto-sicon-description\" style=\"\"><strong>Project with industries \u201cBioresorbable Polymers\u201d. Materials Nacional Program.<\/strong><br \/>\nDirector: Dr. Teresita R. Cuadrado, 1993-1995.<\/div> <!-- description --><\/div><\/div><!-- porto-sicon-box --><div class=\"porto-sicon-box  wpb_custom_1efe903570d178ff0a9b7bfa5febd3a4 style_1 left-icon\"><div class=\"porto-sicon-left\"><div class=\"porto-just-icon-wrapper porto-icon none\" data-appear-animation=\"fadeInLeft\" style=\"color:#203e75;font-size:24px;\"><i class=\"fas fa-angle-right\"><\/i><\/div><\/div><div class=\"porto-sicon-body\"><div class=\"porto-sicon-description\" style=\"\"><strong>Hospital Interzonal General de Agudos (HIGA).<\/strong><br \/>\nDevelopment of second generation techniques for low viscosity cements, 1994-1995.<br \/>\nEvaluation of the biological response of bone cements with bioabsorble fillers based on poly(lactic acid) and hydroxyapatite. In vivo testing in animal models, 1999-2000.<br \/>\nStudy of the thermal damage of bone cements due to self-curing surgical bone cements, 2000.<\/div> <!-- description --><\/div><\/div><!-- porto-sicon-box --><div class=\"porto-sicon-box  wpb_custom_1efe903570d178ff0a9b7bfa5febd3a4 style_1 left-icon\"><div class=\"porto-sicon-left\"><div class=\"porto-just-icon-wrapper porto-icon none\" data-appear-animation=\"fadeInLeft\" style=\"color:#203e75;font-size:24px;\"><i class=\"fas fa-angle-right\"><\/i><\/div><\/div><div class=\"porto-sicon-body\"><div class=\"porto-sicon-description\" style=\"\"><strong>Hospital Privado de Comunidad (HPC) de Mar del Plata.<\/strong><br \/>\nRetrieval analysis of hip and knee prosthesis. Dr. Salvador Pav\u00f3n. Servicio de Cirug\u00eda Ortop\u00e9dica, 1994.<br \/>\nDetermination of damage produced by ethylene oxide sterilization process of segmented polyurethane devices, 1994-1995<br \/>\nStudy of commercial bone cements and development of polymer\/ceramic formulations containing antibiotics. Servicio de Cirug\u00eda Ortop\u00e9dica y Laboratorio de An\u00e1lisis, 1995-1996.<\/div> <!-- description --><\/div><\/div><!-- porto-sicon-box --><div class=\"porto-sicon-box  wpb_custom_1efe903570d178ff0a9b7bfa5febd3a4 style_1 left-icon\"><div class=\"porto-sicon-left\"><div class=\"porto-just-icon-wrapper porto-icon none\" data-appear-animation=\"fadeInLeft\" style=\"color:#203e75;font-size:24px;\"><i class=\"fas fa-angle-right\"><\/i><\/div><\/div><div class=\"porto-sicon-body\"><div class=\"porto-sicon-description\" style=\"\"><strong>PROCOAR (Instituto de las Cl\u00ednicas Cardiovasculares, Buenos Aires).<\/strong><br \/>\nParticipation in the \u201cArtificial Heart Program\u201d of CONICET: \u201cDevelopment of Left Ventricular Assist Devices with muscle power supply\u201d. Development of segmented polyurethane components. Clinical Trials. Director: Dr. Domingo Liotta, 1993 \u2013 1994. Director in INTEMA: Dr. Teresita R. Cuadrado. Collaborator: Lic. Gustavo Abraham.<\/div> <!-- description --><\/div><\/div><!-- porto-sicon-box -->[\/vc_column][vc_column width=&#8221;1\/3&#8243; conditional_render=&#8221;%5B%7B%22value_role%22%3A%22administrator%22%7D%5D&#8221;][vc_single_image image=&#8221;6848&#8243; img_size=&#8221;full&#8221;][\/vc_column][\/vc_row]<\/p>\n<\/div>","protected":false},"excerpt":{"rendered":"<p>[vc_row wrap_container=&#8221;yes&#8221; conditional_render=&#8221;%5B%7B%22value_role%22%3A%22administrator%22%7D%5D&#8221; el_class=&#8221;sec-res&#8221;][vc_column width=&#8221;2\/3&#8243; offset=&#8221;vc_col-xs-10&#8243; conditional_render=&#8221;%5B%7B%22value_role%22%3A%22administrator%22%7D%5D&#8221;][\/vc_column][vc_column width=&#8221;1\/3&#8243; conditional_render=&#8221;%5B%7B%22value_role%22%3A%22administrator%22%7D%5D&#8221;][vc_single_image image=&#8221;6848&#8243; img_size=&#8221;full&#8221;][\/vc_column][\/vc_row]<\/p>\n","protected":false},"author":1,"featured_media":0,"parent":0,"menu_order":0,"comment_status":"closed","ping_status":"closed","template":"","meta":{"footnotes":""},"class_list":["post-7091","page","type-page","status-publish","hentry"],"_links":{"self":[{"href":"https:\/\/biomedicos.fi.mdp.edu.ar\/en\/wp-json\/wp\/v2\/pages\/7091","targetHints":{"allow":["GET"]}}],"collection":[{"href":"https:\/\/biomedicos.fi.mdp.edu.ar\/en\/wp-json\/wp\/v2\/pages"}],"about":[{"href":"https:\/\/biomedicos.fi.mdp.edu.ar\/en\/wp-json\/wp\/v2\/types\/page"}],"author":[{"embeddable":true,"href":"https:\/\/biomedicos.fi.mdp.edu.ar\/en\/wp-json\/wp\/v2\/users\/1"}],"replies":[{"embeddable":true,"href":"https:\/\/biomedicos.fi.mdp.edu.ar\/en\/wp-json\/wp\/v2\/comments?post=7091"}],"version-history":[{"count":2,"href":"https:\/\/biomedicos.fi.mdp.edu.ar\/en\/wp-json\/wp\/v2\/pages\/7091\/revisions"}],"predecessor-version":[{"id":8219,"href":"https:\/\/biomedicos.fi.mdp.edu.ar\/en\/wp-json\/wp\/v2\/pages\/7091\/revisions\/8219"}],"wp:attachment":[{"href":"https:\/\/biomedicos.fi.mdp.edu.ar\/en\/wp-json\/wp\/v2\/media?parent=7091"}],"curies":[{"name":"wp","href":"https:\/\/api.w.org\/{rel}","templated":true}]}}