{"id":7032,"date":"2023-10-26T19:05:09","date_gmt":"2023-10-26T22:05:09","guid":{"rendered":"https:\/\/biomedicos.edrweb.com.ar\/formacion-de-grado-y-posgrado\/"},"modified":"2026-03-29T21:29:15","modified_gmt":"2026-03-30T00:29:15","slug":"undergraduate-and-posgraduate-formation","status":"publish","type":"page","link":"https:\/\/biomedicos.fi.mdp.edu.ar\/en\/undergraduate-and-posgraduate-formation\/","title":{"rendered":"Undergraduate and Posgraduate Formation"},"content":{"rendered":"<div class=\"wpb-content-wrapper\"><p>[vc_row wrap_container=&#8221;yes&#8221; conditional_render=&#8221;%5B%7B%22value_role%22%3A%22administrator%22%7D%5D&#8221; el_class=&#8221;sec-top&#8221;][vc_column width=&#8221;1\/2&#8243; offset=&#8221;vc_col-xs-10&#8243; conditional_render=&#8221;%5B%7B%22value_role%22%3A%22administrator%22%7D%5D&#8221;][vc_custom_heading text=&#8221;Posgraduate Formation&#8221; font_container=&#8221;tag:h3|text_align:left&#8221; use_theme_fonts=&#8221;yes&#8221; font_weight=&#8221;600&#8243; skin=&#8221;secondary&#8221; animation_type=&#8221;fadeInDown&#8221;][vc_column_text css=&#8221;&#8221; css_params=&#8221;&#8221;]Ph.D. Theses defended in&nbsp;Materials Science Posgraduate Career UNMdP (<a href=\"http:\/\/www3.fi.mdp.edu.ar\/posmat\/\" target=\"_blank\" rel=\"noopener\">Posgrado en Ciencia de Materiales<\/a>, UNMdP)<\/p>\n<ul>\n<li><strong>Dr. Mar\u00eda Celina S\u00e1nchez Cervi\u00f1o,<\/strong> &#8220;Aplicaci\u00f3n de t\u00e9cnicas electrohidrodin\u00e1micas para la obtenci\u00f3n de ves\u00edculas como sistemas de liberaci\u00f3n controlada de agentes bioactivos&#8221;, 2026.<\/li>\n<li><strong>Dr. Matth\u00e4us D. Popov Pereira da Cunha,<\/strong> \u201cSistemas polim\u00e9ricos basados en prote\u00edna de soja para ingenier\u00eda de tejidos\u201d, 2023<\/li>\n<li><strong>Dra. Nayla J. Lores,<\/strong> \u201cImpresi\u00f3n 3D de estructuras porosas basadas en poliuretanos para aplicaciones en ingenier\u00eda de tejidos\u201d, 2023<\/li>\n<li><strong>Dr. Pablo R. Cortez Tornello.<\/strong> \u201cSistemas polim\u00e9ricos biocompatibles para liberaci\u00f3n controlada de embelina\u201d Fac. Ingenier\u00eda, UNMdP, 2015<\/li>\n<li><strong>Dr. Florencia Montini Ballarin. &nbsp;<\/strong>\u201cEstructuras polim\u00e9ricas nanofibrosas biorreabsorbibles para ingenier\u00eda de tejidos vasculares\u201d Fac. Ingenier\u00eda, UNMdP, 2015<\/li>\n<li><strong>Dr. Pablo C. Caracciolo.<\/strong> \u201cMatrices polim\u00e9ricas para regeneraci\u00f3n de tejidos\u201d Fac. Ingenier\u00eda, UNMdP, 2010<\/li>\n<li><strong>Dr. Dolly Granados<\/strong> \u201cVida \u00fatil de tubuladuras polim\u00e9ricas de uso m\u00e9dico\u201d. Fac. Ingenier\u00eda, UNMdP, 2006<\/li>\n<li><strong>Dr. Mar\u00eda Fernanda Gonz\u00e1lez<\/strong> \u201cPol\u00edmeros bioabsorbibles basados en \u00e1cido l\u00e1ctico para aplicaciones m\u00e9dicas\u201d Fac. Ingenier\u00eda, UNMdP, 1999<\/li>\n<li><strong>Dr. Gustavo A. Abraham<\/strong> \u201cPoliuretanos segmentados de uso m\u00e9dico\u201d Fac. Ingenier\u00eda, UNMdP, 1998<\/li>\n<li><strong>Dr. Pablo E. Montemartini<\/strong> \u201cCementos acr\u00edlicos de uso en ortopedia\u201d Fac. Ingenier\u00eda, UNMdP, 1998<\/li>\n<\/ul>\n<p>[\/vc_column_text][\/vc_column][vc_column width=&#8221;1\/2&#8243; conditional_render=&#8221;%5B%7B%22value_role%22%3A%22administrator%22%7D%5D&#8221;][vc_custom_heading text=&#8221;Undergraduate Formation&#8221; font_container=&#8221;tag:h3|text_align:left&#8221; use_theme_fonts=&#8221;yes&#8221; font_weight=&#8221;600&#8243; skin=&#8221;secondary&#8221; animation_type=&#8221;fadeInDown&#8221;][vc_column_text css=&#8221;&#8221; css_params=&#8221;&#8221;]<\/p>\n<ul>\n<li><strong>Camila Cortez<\/strong>, 2024-<\/li>\n<li><strong>Joaquin Gularte<\/strong>, 2024-<\/li>\n<li><strong>Eng. Nicol\u00e1s Nadini<\/strong>, 2025<\/li>\n<li><strong>Eng. Gonzalo M. Lanfranconi<\/strong>, 2025<\/li>\n<li><strong>Eng. Agust\u00edn Mart\u00ednez Cebada,<\/strong> 2025<\/li>\n<li><strong>Eng. Ezequiel Agliano,<\/strong> 2024<\/li>\n<li><strong>Eng. Augusto Covone,<\/strong> 2024<\/li>\n<li><strong>Eng. Ernesto Battaglia,<\/strong> 2023<\/li>\n<li><strong>Eng. Ian Heit Rimoli,<\/strong> 2023<\/li>\n<li><strong>Eng. Catalina Adler,<\/strong> 2022<\/li>\n<li><strong>Eng. Sof\u00eda Melucci,<\/strong> 2022<\/li>\n<li><strong>Eng. Martin Melucci,<\/strong> 2020<\/li>\n<li><strong>Eng. Roc\u00edo Sabbatella,<\/strong> 2020<\/li>\n<li><strong>Eng. Lucas D. Matilla,<\/strong> 2023<\/li>\n<li><strong>Eng. Roc\u00edo Giannetti,<\/strong> 2017<\/li>\n<li><strong>Eng. Victoria Guglielmotti,<\/strong> 2017<\/li>\n<li><strong>Eng. Agustina Massone,<\/strong> 2017<\/li>\n<li><strong>Eng. Juan Ignacio Igart\u00faa Rosell\u00f3,<\/strong> 2015<\/li>\n<li><strong>Eng. Marianela Ruffa,<\/strong> 2015<\/li>\n<li><strong>Eng.&nbsp;Florencia&nbsp; Montini Ballarin,<\/strong> 2009<\/li>\n<li><strong>Eng. Luciana Sacchetti,<\/strong> 2008<\/li>\n<\/ul>\n<p>[\/vc_column_text][\/vc_column][\/vc_row][vc_row full_width=&#8221;stretch_row_content_no_spaces&#8221; wrap_container=&#8221;yes&#8221; el_class=&#8221;sec-res&#8221; conditional_render=&#8221;%5B%7B%22value_role%22%3A%22administrator%22%7D%5D&#8221; css=&#8221;.vc_custom_1698358748706{background-image: url(https:\/\/biomedicos.fi.mdp.edu.ar\/wp-content\/uploads\/2023\/10\/fondo-azul.jpg?id=6608) !important;background-position: center !important;background-repeat: no-repeat !important;background-size: cover !important;}&#8221;][vc_column conditional_render=&#8221;%5B%7B%22value_role%22%3A%22administrator%22%7D%5D&#8221;][vc_custom_heading text=&#8221;Learn more about our Collaborations&#8221; font_container=&#8221;tag:h2|text_align:center|color:%23ffffff|line_height:1&#8243; use_theme_fonts=&#8221;yes&#8221; skin=&#8221;light&#8221; animation_type=&#8221;fadeInDown&#8221;][vc_btn title=&#8221;Read more&#8221; style=&#8221;outline&#8221; size=&#8221;lg&#8221; align=&#8221;center&#8221; i_icon_fontawesome=&#8221;fas fa-award&#8221; skin=&#8221;light&#8221; add_icon=&#8221;true&#8221; animation_type=&#8221;bounce&#8221; link=&#8221;url:https%3A%2F%2Fbiomedicos.fi.mdp.edu.ar%2Fen%2Fcollaborations%2F&#8221;][\/vc_column][\/vc_row][vc_row wrap_container=&#8221;yes&#8221; conditional_render=&#8221;%5B%7B%22value_role%22%3A%22administrator%22%7D%5D&#8221; el_class=&#8221;sec-top&#8221;][vc_column width=&#8221;1\/2&#8243; offset=&#8221;vc_col-xs-10&#8243; conditional_render=&#8221;%5B%7B%22value_role%22%3A%22administrator%22%7D%5D&#8221;][vc_custom_heading text=&#8221;Postdoctoral internships&#8221; font_container=&#8221;tag:h3|text_align:left&#8221; use_theme_fonts=&#8221;yes&#8221; font_weight=&#8221;600&#8243; skin=&#8221;secondary&#8221; animation_type=&#8221;fadeInDown&#8221;][vc_column_text]<\/p>\n<ul>\n<li><strong>Dr. Matth\u00e4us D. Popov Pereira da Cunha,<\/strong> 2023-<\/li>\n<li><strong>Dr. Gianina Kloster,<\/strong> 2019-2023<\/li>\n<li><strong>Dr. Irene Seoane,<\/strong> 2017-2020<\/li>\n<li><strong>Dr. Lucas Colabella,<\/strong> 2018-2020<\/li>\n<li><strong>Dr. Silvestre Bongiovanni Abel,<\/strong> 2018-2020<\/li>\n<li><strong>Dr. Ana A. Aldana,<\/strong> 2014-2017<\/li>\n<li><strong>Dr. Vanesa Mu\u00f1oz,<\/strong> 2013-2015<\/li>\n<li><strong>Dr. Guadalupe Rivero,<\/strong> 2013-2015<\/li>\n<li><strong>Dr. Fernando Mu\u00f1oz,<\/strong> 2013-2015<\/li>\n<li><strong>Dr. Pablo Caracciolo,<\/strong> 2010-2012<\/li>\n<\/ul>\n<p>[\/vc_column_text][\/vc_column][vc_column width=&#8221;1\/2&#8243; conditional_render=&#8221;%5B%7B%22value_role%22%3A%22administrator%22%7D%5D&#8221;][vc_custom_heading text=&#8221;Foreign students internships&#8221; font_container=&#8221;tag:h3|text_align:left&#8221; use_theme_fonts=&#8221;yes&#8221; font_weight=&#8221;600&#8243; skin=&#8221;secondary&#8221; animation_type=&#8221;fadeInDown&#8221;][vc_column_text]<\/p>\n<ul>\n<li><strong>Lic. Milad Toorabally,<\/strong> Polytech Sorbonne Universit\u00e9 Pierre et Marie Curie, Paris, France, 2019<\/li>\n<li><strong>Eng. Florian Ruther.<\/strong> Friedrich-Alexander-Universit\u00e4t, Erlangen-N\u00fcrnberg, Germany, 2018<\/li>\n<li><strong>Lic. \u00c1ngel Castro Ruiz.<\/strong> Centro de Investigaciones en Qu\u00edmica Aplicada (CIQA), Saltillo, Mexico, 2017<\/li>\n<li><strong>Eng. Maximilian Meuter.<\/strong> Friedrich-Alexander-Universit\u00e4t, Erlangen-N\u00fcrnberg, Germany, 2017<\/li>\n<li><strong>Eng.\u00a0Matth\u00e4us Popov.<\/strong> Friedrich-Alexander-Universit\u00e4t, Erlangen-N\u00fcrnberg, Germany, 2016<\/li>\n<li><strong>Lic. Rafael Bergamo Trinca.<\/strong> Universidade Estadual de Campinas, SP, Brazil, 2014<\/li>\n<li><strong>Lic. Alejandro Costoya Mujico,<\/strong> Universidad de Santiago de Compostela, Spain, 2014<\/li>\n<li><strong>Lic. L\u00edvia Mesquita Dias Loiola.<\/strong> Universidade Estadual de Campinas, SP, Brazil, 2014<\/li>\n<li><strong>Mr. Cristian Vacacela G\u00f3mez,<\/strong> Escuela Superior Polit\u00e9cnica de Chimborazo, Ecuador, 2012<\/li>\n<li><strong>Pharm. Lu\u00eds D\u00edaz G\u00f3mez,<\/strong> Universidad de Santiago de Compostela, Spain, 2012<\/li>\n<li><strong>Lic. Jomarien Garc\u00eda Couce,<\/strong> Universidad de La Habana, Cuba, 2011<\/li>\n<li><strong>Dr. Monika\u00a0 Dzieciuch.<\/strong> Department of Chemistry, Nanotechnology of Polymers and Biomaterials Team, Jagiellonian University, Cracow, Poland, 2013<\/li>\n<li><strong>Ms. Cristina Sanz Pita.<\/strong> Proyecto Final Ingenier\u00eda T\u00e9cnica Industrial, especialidad Qu\u00edmica Industrial, Universidad de Girona, Spain, 2009-2010<\/li>\n<li><strong>Lic. Paloma Iba\u00f1ez,<\/strong> Instituto de Ciencia y Tecnolog\u00eda de Pol\u00edmeros, CSIC, Madrid, Spain, 2004<\/li>\n<\/ul>\n<p>[\/vc_column_text][\/vc_column][\/vc_row]<\/p>\n<\/div>","protected":false},"excerpt":{"rendered":"<p>[vc_row wrap_container=&#8221;yes&#8221; conditional_render=&#8221;%5B%7B%22value_role%22%3A%22administrator%22%7D%5D&#8221; el_class=&#8221;sec-top&#8221;][vc_column width=&#8221;1\/2&#8243; offset=&#8221;vc_col-xs-10&#8243; conditional_render=&#8221;%5B%7B%22value_role%22%3A%22administrator%22%7D%5D&#8221;][vc_custom_heading text=&#8221;Posgraduate Formation&#8221; font_container=&#8221;tag:h3|text_align:left&#8221; use_theme_fonts=&#8221;yes&#8221; font_weight=&#8221;600&#8243; skin=&#8221;secondary&#8221; animation_type=&#8221;fadeInDown&#8221;][vc_column_text css=&#8221;&#8221; css_params=&#8221;&#8221;]Ph.D. Theses defended in&nbsp;Materials Science Posgraduate Career UNMdP (Posgrado en Ciencia de Materiales, UNMdP) Dr. Mar\u00eda Celina S\u00e1nchez Cervi\u00f1o, &#8220;Aplicaci\u00f3n de t\u00e9cnicas electrohidrodin\u00e1micas para la obtenci\u00f3n de ves\u00edculas como sistemas de liberaci\u00f3n controlada de agentes bioactivos&#8221;, 2026. Dr. Matth\u00e4us D. [&hellip;]<\/p>\n","protected":false},"author":1,"featured_media":0,"parent":0,"menu_order":0,"comment_status":"closed","ping_status":"closed","template":"","meta":{"footnotes":""},"class_list":["post-7032","page","type-page","status-publish","hentry"],"_links":{"self":[{"href":"https:\/\/biomedicos.fi.mdp.edu.ar\/en\/wp-json\/wp\/v2\/pages\/7032","targetHints":{"allow":["GET"]}}],"collection":[{"href":"https:\/\/biomedicos.fi.mdp.edu.ar\/en\/wp-json\/wp\/v2\/pages"}],"about":[{"href":"https:\/\/biomedicos.fi.mdp.edu.ar\/en\/wp-json\/wp\/v2\/types\/page"}],"author":[{"embeddable":true,"href":"https:\/\/biomedicos.fi.mdp.edu.ar\/en\/wp-json\/wp\/v2\/users\/1"}],"replies":[{"embeddable":true,"href":"https:\/\/biomedicos.fi.mdp.edu.ar\/en\/wp-json\/wp\/v2\/comments?post=7032"}],"version-history":[{"count":3,"href":"https:\/\/biomedicos.fi.mdp.edu.ar\/en\/wp-json\/wp\/v2\/pages\/7032\/revisions"}],"predecessor-version":[{"id":8473,"href":"https:\/\/biomedicos.fi.mdp.edu.ar\/en\/wp-json\/wp\/v2\/pages\/7032\/revisions\/8473"}],"wp:attachment":[{"href":"https:\/\/biomedicos.fi.mdp.edu.ar\/en\/wp-json\/wp\/v2\/media?parent=7032"}],"curies":[{"name":"wp","href":"https:\/\/api.w.org\/{rel}","templated":true}]}}